{"id":40,"date":"2023-10-01T14:07:32","date_gmt":"2023-10-01T10:07:32","guid":{"rendered":"https:\/\/pianoservices-oi.com\/?post_type=product&#038;p=40"},"modified":"2023-10-08T16:05:12","modified_gmt":"2023-10-08T12:05:12","slug":"piano-a-queue-yamaha-g2","status":"publish","type":"product","link":"https:\/\/pianoservices-oi.com\/index.php\/produit\/piano-a-queue-yamaha-g2\/","title":{"rendered":"Piano \u00e0 queue Yamaha G2"},"content":{"rendered":"","protected":false},"excerpt":{"rendered":"<p><span style=\"font-family: helvetica-w01-roman, helvetica-w02-roman, helvetica-lt-w10-roman, sans-serif;font-size: 15px\">Piano quart de queue Yamaha G2 170 cm en acajou brillant.\u00a0 Tr\u00e8s bon \u00e9tat m\u00e9canique et harmonique.<\/span><\/p>\n[et_pb_section global_module=\"175 \"][\/et_pb_section]\n","protected":false},"featured_media":43,"comment_status":"closed","ping_status":"closed","template":"","meta":{"_acf_changed":false,"_et_pb_use_builder":"","_et_pb_old_content":"","_et_gb_content_width":""},"product_cat":[18,20,22],"product_tag":[],"class_list":["post-40","product","type-product","status-publish","has-post-thumbnail","hentry","product_cat-pianos","product_cat-pianos-a-queue","product_cat-yamaha"],"acf":[],"jetpack_sharing_enabled":true,"_links":{"self":[{"href":"https:\/\/pianoservices-oi.com\/index.php\/wp-json\/wp\/v2\/product\/40","targetHints":{"allow":["GET"]}}],"collection":[{"href":"https:\/\/pianoservices-oi.com\/index.php\/wp-json\/wp\/v2\/product"}],"about":[{"href":"https:\/\/pianoservices-oi.com\/index.php\/wp-json\/wp\/v2\/types\/product"}],"replies":[{"embeddable":true,"href":"https:\/\/pianoservices-oi.com\/index.php\/wp-json\/wp\/v2\/comments?post=40"}],"wp:featuredmedia":[{"embeddable":true,"href":"https:\/\/pianoservices-oi.com\/index.php\/wp-json\/wp\/v2\/media\/43"}],"wp:attachment":[{"href":"https:\/\/pianoservices-oi.com\/index.php\/wp-json\/wp\/v2\/media?parent=40"}],"wp:term":[{"taxonomy":"product_cat","embeddable":true,"href":"https:\/\/pianoservices-oi.com\/index.php\/wp-json\/wp\/v2\/product_cat?post=40"},{"taxonomy":"product_tag","embeddable":true,"href":"https:\/\/pianoservices-oi.com\/index.php\/wp-json\/wp\/v2\/product_tag?post=40"}],"curies":[{"name":"wp","href":"https:\/\/api.w.org\/{rel}","templated":true}]}}